{"id":127,"date":"2023-05-01T19:12:54","date_gmt":"2023-05-01T19:12:54","guid":{"rendered":"https:\/\/www.saem.org.ar\/congreso2025\/?page_id=127"},"modified":"2025-04-07T11:30:26","modified_gmt":"2025-04-07T14:30:26","slug":"organizadores","status":"publish","type":"page","link":"https:\/\/www.saem.org.ar\/congreso2025\/organizadores\/","title":{"rendered":"Organizadores"},"content":{"rendered":"\t\t<div data-elementor-type=\"wp-page\" data-elementor-id=\"127\" class=\"elementor elementor-127\" data-elementor-settings=\"{&quot;ha_cmc_init_switcher&quot;:&quot;no&quot;}\" data-elementor-post-type=\"page\">\n\t\t\t\t<div class=\"elementor-element elementor-element-515bde2 e-flex e-con-boxed e-con e-parent\" data-id=\"515bde2\" data-element_type=\"container\" data-e-type=\"container\" data-settings=\"{&quot;background_background&quot;:&quot;classic&quot;,&quot;shape_divider_bottom&quot;:&quot;mountains&quot;,&quot;_ha_eqh_enable&quot;:false}\">\n\t\t\t\t\t<div class=\"e-con-inner\">\n\t\t\t\t<div class=\"elementor-shape elementor-shape-bottom\" aria-hidden=\"true\" data-negative=\"false\">\n\t\t\t<svg xmlns=\"http:\/\/www.w3.org\/2000\/svg\" viewBox=\"0 0 1000 100\" preserveAspectRatio=\"none\">\n\t<path class=\"elementor-shape-fill\" opacity=\"0.33\" d=\"M473,67.3c-203.9,88.3-263.1-34-320.3,0C66,119.1,0,59.7,0,59.7V0h1000v59.7 c0,0-62.1,26.1-94.9,29.3c-32.8,3.3-62.8-12.3-75.8-22.1C806,49.6,745.3,8.7,694.9,4.7S492.4,59,473,67.3z\"\/>\n\t<path class=\"elementor-shape-fill\" opacity=\"0.66\" d=\"M734,67.3c-45.5,0-77.2-23.2-129.1-39.1c-28.6-8.7-150.3-10.1-254,39.1 s-91.7-34.4-149.2,0C115.7,118.3,0,39.8,0,39.8V0h1000v36.5c0,0-28.2-18.5-92.1-18.5C810.2,18.1,775.7,67.3,734,67.3z\"\/>\n\t<path class=\"elementor-shape-fill\" d=\"M766.1,28.9c-200-57.5-266,65.5-395.1,19.5C242,1.8,242,5.4,184.8,20.6C128,35.8,132.3,44.9,89.9,52.5C28.6,63.7,0,0,0,0 h1000c0,0-9.9,40.9-83.6,48.1S829.6,47,766.1,28.9z\"\/>\n<\/svg>\t\t<\/div>\n\t\t<div class=\"elementor-element elementor-element-3f92c71 e-con-full e-flex e-con e-child\" data-id=\"3f92c71\" data-element_type=\"container\" data-e-type=\"container\" data-settings=\"{&quot;_ha_eqh_enable&quot;:false}\">\n\t\t\t\t<div class=\"elementor-element elementor-element-4ac88e4 elementor-widget elementor-widget-image-box\" data-id=\"4ac88e4\" data-element_type=\"widget\" data-e-type=\"widget\" data-widget_type=\"image-box.default\">\n\t\t\t\t\t<div class=\"elementor-image-box-wrapper\"><div class=\"elementor-image-box-content\"><h3 class=\"elementor-image-box-title\">Organizadores<\/h3><p class=\"elementor-image-box-description\">XXIV Congreso de Endocrinolog\u00eda y Metabolismo. SAEM 2025<\/p><\/div><\/div>\t\t\t\t<\/div>\n\t\t\t\t<\/div>\n\t\t\t\t\t<\/div>\n\t\t\t\t<\/div>\n\t\t\t\t<section class=\"elementor-section elementor-top-section elementor-element elementor-element-4c1d72c elementor-section-content-top elementor-section-boxed elementor-section-height-default elementor-section-height-default\" data-id=\"4c1d72c\" data-element_type=\"section\" data-e-type=\"section\" data-settings=\"{&quot;_ha_eqh_enable&quot;:false}\">\n\t\t\t\t\t\t<div class=\"elementor-container elementor-column-gap-default\">\n\t\t\t\t\t<div class=\"elementor-column elementor-col-50 elementor-top-column elementor-element elementor-element-4d174fe\" data-id=\"4d174fe\" data-element_type=\"column\" data-e-type=\"column\">\n\t\t\t<div class=\"elementor-widget-wrap elementor-element-populated\">\n\t\t\t\t\t\t<div class=\"elementor-element elementor-element-4c1e849 elementor-widget elementor-widget-text-editor\" data-id=\"4c1e849\" data-element_type=\"widget\" data-e-type=\"widget\" data-widget_type=\"text-editor.default\">\n\t\t\t\t\t\t\t\t\t<p>La Sociedad Argentina de Endocrinolog\u00eda y Metabolismo (SAEM) es una entidad cient\u00edfica sin fines de lucro, fundada en el a\u00f1o 1941, que convoca a\u00a0 prestigiosos profesionales de la especialidad cumpliendo m\u00faltiples tareas relacionadas con las enfermedades endocrinas y su impacto en la poblaci\u00f3n. A trav\u00e9s de sus miembros y comisiones, SAEM produce trabajos de investigaci\u00f3n, gu\u00edas locales, recomendaciones, asesoramiento, certificaci\u00f3n y recertificaci\u00f3n de colegas. Aparte de su Congreso bianual, deben mencionarse otras actividades tales como reuniones cient\u00edficas, intra e intersociedades, webinars y un n\u00famero\u00a0 creciente de cursos. SAEM tambi\u00e9n colabora\u00a0 con la producci\u00f3n y sostenimiento de la revista RAEM (Revista Argentina de Endocrinolog\u00eda y Metabolismo).<\/p>\t\t\t\t\t\t\t\t<\/div>\n\t\t\t\t<div class=\"elementor-element elementor-element-ebfdd69 elementor-widget elementor-widget-heading\" data-id=\"ebfdd69\" data-element_type=\"widget\" data-e-type=\"widget\" data-widget_type=\"heading.default\">\n\t\t\t\t\t<h2 class=\"elementor-heading-title elementor-size-default\"><a href=\"https:\/\/saem.org.ar\/\" target=\"_blank\">Para m\u00e1s informaci\u00f3n, por favor, visite la web: www.saem.org.ar<\/a><\/h2>\t\t\t\t<\/div>\n\t\t\t\t\t<\/div>\n\t\t<\/div>\n\t\t\t\t<div class=\"elementor-column elementor-col-50 elementor-top-column elementor-element elementor-element-4ef73fa\" data-id=\"4ef73fa\" data-element_type=\"column\" data-e-type=\"column\">\n\t\t\t<div class=\"elementor-widget-wrap elementor-element-populated\">\n\t\t\t\t\t\t<div class=\"elementor-element elementor-element-105713d elementor-widget elementor-widget-google_maps\" data-id=\"105713d\" data-element_type=\"widget\" data-e-type=\"widget\" data-widget_type=\"google_maps.default\">\n\t\t\t\t\t\t\t<div class=\"elementor-custom-embed\">\n\t\t\t<iframe loading=\"lazy\"\n\t\t\t\t\tsrc=\"https:\/\/maps.google.com\/maps?q=Sociedad%20Argentina%20de%20Endocrinolog%C3%ADa%20y%20Metabolismo&#038;t=m&#038;z=16&#038;output=embed&#038;iwloc=near\"\n\t\t\t\t\ttitle=\"Sociedad Argentina de Endocrinolog\u00eda y Metabolismo\"\n\t\t\t\t\taria-label=\"Sociedad Argentina de Endocrinolog\u00eda y Metabolismo\"\n\t\t\t><\/iframe>\n\t\t<\/div>\n\t\t\t\t\t\t<\/div>\n\t\t\t\t\t<\/div>\n\t\t<\/div>\n\t\t\t\t\t<\/div>\n\t\t<\/section>\n\t\t<div class=\"elementor-element elementor-element-0cf9eb6 e-con-full e-flex e-con e-parent\" data-id=\"0cf9eb6\" data-element_type=\"container\" data-e-type=\"container\" data-settings=\"{&quot;background_background&quot;:&quot;video&quot;,&quot;background_video_link&quot;:&quot;https:\\\/\\\/youtu.be\\\/O4-ZOlyJa50?si=phjpJc6sdxFcKyUF&quot;,&quot;background_video_start&quot;:14,&quot;background_play_on_mobile&quot;:&quot;yes&quot;,&quot;_ha_eqh_enable&quot;:false}\">\n\t\t<div class=\"elementor-background-video-container\">\n\t\t\t\t\t\t\t<div class=\"elementor-background-video-embed\" role=\"presentation\"><\/div>\n\t\t\t\t\t\t<\/div>\t\t<\/div>\n\t\t\t\t<\/div>\n\t\t","protected":false},"excerpt":{"rendered":"<p>XXIV Congreso de Endocrinolog\u00eda y Metabolismo. SAEM 2025 La Sociedad Argentina de Endocrinolog\u00eda y Metabolismo (SAEM) es una entidad cient\u00edfica sin fines de lucro, fundada en el a\u00f1o 1941, que convoca a\u00a0 prestigiosos profesionales de la especialidad cumpliendo m\u00faltiples tareas relacionadas con las enfermedades endocrinas y su impacto en la poblaci\u00f3n. A trav\u00e9s de sus [&hellip;]<\/p>\n","protected":false},"author":3,"featured_media":0,"parent":0,"menu_order":0,"comment_status":"closed","ping_status":"closed","template":"","meta":{"footnotes":""},"class_list":["post-127","page","type-page","status-publish","hentry"],"_links":{"self":[{"href":"https:\/\/www.saem.org.ar\/congreso2025\/wp-json\/wp\/v2\/pages\/127","targetHints":{"allow":["GET"]}}],"collection":[{"href":"https:\/\/www.saem.org.ar\/congreso2025\/wp-json\/wp\/v2\/pages"}],"about":[{"href":"https:\/\/www.saem.org.ar\/congreso2025\/wp-json\/wp\/v2\/types\/page"}],"author":[{"embeddable":true,"href":"https:\/\/www.saem.org.ar\/congreso2025\/wp-json\/wp\/v2\/users\/3"}],"replies":[{"embeddable":true,"href":"https:\/\/www.saem.org.ar\/congreso2025\/wp-json\/wp\/v2\/comments?post=127"}],"version-history":[{"count":0,"href":"https:\/\/www.saem.org.ar\/congreso2025\/wp-json\/wp\/v2\/pages\/127\/revisions"}],"wp:attachment":[{"href":"https:\/\/www.saem.org.ar\/congreso2025\/wp-json\/wp\/v2\/media?parent=127"}],"curies":[{"name":"wp","href":"https:\/\/api.w.org\/{rel}","templated":true}]}}